{"id":3596,"date":"2012-11-26T21:14:06","date_gmt":"2012-11-26T21:14:06","guid":{"rendered":"https:\/\/cocinasalemanas.com\/test\/?page_id=3596"},"modified":"2015-02-13T21:55:28","modified_gmt":"2015-02-13T21:55:28","slug":"elpreciojusto","status":"publish","type":"page","link":"https:\/\/cocinasalemanas.com\/test\/elpreciojusto\/","title":{"rendered":"El precio justo"},"content":{"rendered":"<p><img loading=\"lazy\" decoding=\"async\" class=\"wp-image-3600 alignright\" title=\"cocina promo nesspreso\" alt=\"\" src=\"https:\/\/cocinasalemanas.com\/test\/wp-content\/uploads\/2012\/11\/cocina-promo-nesspreso1.jpg\" width=\"617\" height=\"341\" srcset=\"https:\/\/cocinasalemanas.com\/test\/wp-content\/uploads\/2012\/11\/cocina-promo-nesspreso1.jpg 1113w, https:\/\/cocinasalemanas.com\/test\/wp-content\/uploads\/2012\/11\/cocina-promo-nesspreso1-700x386.jpg 700w, https:\/\/cocinasalemanas.com\/test\/wp-content\/uploads\/2012\/11\/cocina-promo-nesspreso1-400x220.jpg 400w\" sizes=\"auto, (max-width: 617px) 100vw, 617px\" \/><\/p>\n<p>Estas navidades te regalamos tu cafetera BOSCH TASSIMO@.<\/p>\n<p>Participa en nuestra promoci\u00f3n haciendote fan de nuestra p\u00e1gina de facebook.<\/p>\n<p>Ganar\u00e1 el concursante que m\u00e1s se aproxime al precio real de esta cocina. Esto no es como el famoso concurso \u00abel precio justo\u00bb, da igual si te pasas o no llegas, el que m\u00e1s cerca se queda se la lleva.<\/p>\n<p>Para participar solo tienes que ser o hacerte fan (me gusta) y dejar tu precio. Entra en la \u00a0<a title=\"facebook\" href=\"http:\/\/www.facebook.com\/cocinasalemanas\">p\u00e1gina de facebook<\/a> y selecciona la pesta\u00f1a promociones.<\/p>\n<p>Para\u00a0pon\u00e9rtelo\u00a0m\u00e1s\u00a0f\u00e1cil\u00a0te detallamos los muebles que incluye la cocina, ten en cuenta que tenemos muy buenos precios.<\/p>\n<p>El modelo es estratificado brillante, en concreto el modelo NEO en color gris basalto con encimera estratificada blanca, armazones en color magnolia brillante.<\/p>\n<p>El presupuesto real de esta cocina lo enviaremos por mail a los participantes y lo publicaremos una vez finalizada la promoci\u00f3n.<\/p>\n<p>Los muebles incluidos son:<\/p>\n<ul>\n<li>Columna 60 cm con baldas<\/li>\n<li>Columna 60 cm para horno<\/li>\n<li>2 Muebles bajos de 60 cm con un caj\u00f3n y 2 gavetas<\/li>\n<li>Mueble bajo de 60 cm con un caj\u00f3n y 2 gavetas para vitro<\/li>\n<li>Mueble bajo de 60 cm fregadero<\/li>\n<li>Mueble bajo de 60 cm<\/li>\n<li>2 altillos de 60 cm de puerta abatible<\/li>\n<li>3 metros de encimera con su copete<\/li>\n<li>transporte \u00a0y montaje en la\u00a0comunidad\u00a0de Madrid<\/li>\n<li>IVA<\/li>\n<\/ul>\n<p>Suerte a los participantes y\u00a0comp\u00e1rtelo\u00a0con tus amigos, el que se lo lleve que invite.<\/p>\n<p>Promoci\u00f3n activa desde el 1 de diciembre del 2012 hasta el 31 de diciembre del 2012 a las 23:59 horas<br \/>\nPromoci\u00f3n solo para mayores de edad residentes en Espa\u00f1a seg\u00fan las condiciones indicadas en la propia promoci\u00f3n<\/p>\n","protected":false},"excerpt":{"rendered":"<p>Estas navidades te regalamos tu cafetera BOSCH TASSIMO@. Participa en nuestra promoci\u00f3n haciendote fan de nuestra p\u00e1gina de facebook. Ganar\u00e1 el concursante que m\u00e1s se aproxime al precio real de esta cocina. Esto no es como el famoso concurso \u00abel precio justo\u00bb, da igual si te pasas o no llegas, el que m\u00e1s cerca se<\/p>\n","protected":false},"author":1,"featured_media":0,"parent":0,"menu_order":0,"comment_status":"closed","ping_status":"closed","template":"","meta":{"pagelayer_contact_templates":[],"_pagelayer_content":"","footnotes":""},"class_list":["post-3596","page","type-page","status-publish","hentry"],"_links":{"self":[{"href":"https:\/\/cocinasalemanas.com\/test\/wp-json\/wp\/v2\/pages\/3596","targetHints":{"allow":["GET"]}}],"collection":[{"href":"https:\/\/cocinasalemanas.com\/test\/wp-json\/wp\/v2\/pages"}],"about":[{"href":"https:\/\/cocinasalemanas.com\/test\/wp-json\/wp\/v2\/types\/page"}],"author":[{"embeddable":true,"href":"https:\/\/cocinasalemanas.com\/test\/wp-json\/wp\/v2\/users\/1"}],"replies":[{"embeddable":true,"href":"https:\/\/cocinasalemanas.com\/test\/wp-json\/wp\/v2\/comments?post=3596"}],"version-history":[{"count":0,"href":"https:\/\/cocinasalemanas.com\/test\/wp-json\/wp\/v2\/pages\/3596\/revisions"}],"wp:attachment":[{"href":"https:\/\/cocinasalemanas.com\/test\/wp-json\/wp\/v2\/media?parent=3596"}],"curies":[{"name":"wp","href":"https:\/\/api.w.org\/{rel}","templated":true}]}}