{"id":2207,"date":"2011-11-25T18:08:46","date_gmt":"2011-11-25T18:08:46","guid":{"rendered":"https:\/\/cocinasalemanas.com\/test\/?page_id=2207"},"modified":"2014-03-04T12:47:50","modified_gmt":"2014-03-04T12:47:50","slug":"5-anos-garantia","status":"publish","type":"page","link":"https:\/\/cocinasalemanas.com\/test\/5-anos-garantia\/","title":{"rendered":"5 a\u00f1os garant\u00eda"},"content":{"rendered":"<h4><h3 class=\"m_title m_title_ext text-custom\" itemprop=\"alternativeHeadline\" > 5 a\u00f1os de garant\u00eda completa.<br \/>\nIncluido mano de obra, desplazamientos y piezas de recambio<\/h3><\/h4>\n<p>&nbsp;<\/p>\n<h4>Siguiendo nuestra pol\u00edtica de total transparencia con el Consumidor, indicamos a continuaci\u00f3n las condiciones detalladas:<\/h4>\n\n<ul class=\"list-style1\">\n<li>La garant\u00eda que\u00a0otorgamos\u00a0se extiende por un plazo de 5 a\u00f1os. \u00a0El plazo de garant\u00eda comienza en el momento de la entrega de la mercanc\u00eda al Cliente.<\/li>\n<li>La garant\u00eda de electrodom\u00e9sticos es cubierta por el fabricante con las condiciones particulares de cada uno de ellos.<\/li>\n<li>La garant\u00eda abarca defectos y da\u00f1os debidos a errores de dise\u00f1o, fabricaci\u00f3n, material o ejecuci\u00f3n. \u00a0En cualquiera de estos casos asumiremos los costes de materiales requeridos para la reposici\u00f3n incluido transportes y mano de obra. \u00a0Para ello es requisito imprescindible que nuestros proveedores previos est\u00e9n todav\u00eda en condiciones de suministrarnos piezas de recambio. \u00a0Si esto no fuera posible, ofreceremos al Cliente una soluci\u00f3n similar. \u00a0Quedan excluidos de la garant\u00eda da\u00f1os por agua, uso indebido, modificaciones de color debidas a envejecimiento por efecto de la luz \u00a0y el clima. \u00a0La garant\u00eda se limita a reposici\u00f3n de piezas y al coste de transporte y mano de obra para la reposici\u00f3n de estas.<\/li>\n<li>En caso de haberse modificado por cuenta propia las piezas que hayamos suministrado se extinguir\u00e1 el derecho a suministro complementario. En relaci\u00f3n con los accesorios suministrados por proveedores (por ejemplo, aparatos el\u00e9ctricos, bombillas, fregaderos, grifer\u00edas, cubos de basura, etc.) se aplicar\u00e1n las condiciones de garant\u00eda de los fabricantes respectivos. La garant\u00eda no abarca piezas sujetas a desgaste ni piezas fr\u00e1giles de cristal o pl\u00e1stico, as\u00ed como tampoco piezas fabricadas en goma o bombillas, ni los da\u00f1os y defectos causados por un manejo incorrecto. \u00a0De igual modo, la garant\u00eda no se extiende tampoco a\u00a0da\u00f1os personales ni a da\u00f1os indirectos. En caso de haberse modificado por cuenta propia las piezas que hayamos suministrado se extinguir\u00e1 el derecho a suministro\u00a0complementario. Como principio b\u00e1sico, los colores se deciden y comprueban bajo una luz estandarizada, similar a la luz del d\u00eda. Las distintas superficies y materiales,\u00a0sin embargo, pueden presentar respuestas crom\u00e1ticas divergentes entre s\u00ed seg\u00fan el tipo de luz (luz del d\u00eda, iluminaci\u00f3n por hal\u00f3genos, etc.). \u00a0Dicho efecto tambi\u00e9n resulta posible en pl\u00e1sticos y lacas claras, incluso aunque tengan id\u00e9ntica base material y estructura de superficies. En raz\u00f3n de dichos efectos,\u00a0es inevitable que existan divergencias crom\u00e1ticas y estructurales tambi\u00e9n dentro de una misma denominaci\u00f3n crom\u00e1tica, las cuales no constituyen motivo de reclamaci\u00f3n.<\/li>\n<li>El derecho a la garant\u00eda se extingue cuando personas no autorizadas por el fabricante hayan emprendido reparaciones o intervenciones. \u00a0Asimismo, la garant\u00eda quedar\u00e1 completamente sin efecto en caso de que se incumpla alguno de los requisitos contenidos en las condiciones de garant\u00eda.<\/li>\n<li>La subsanaci\u00f3n de defectos se llevar\u00e1 a cabo exclusivamente a trav\u00e9s del t\u00e9cnico especializado, o bien previo acuerdo particular a trav\u00e9s de nuestro servicio al cliente. \u00a0En caso de presentarse un defecto o da\u00f1o que implique nuestra obligaci\u00f3n de responder conforme establece la presente garant\u00eda, deber\u00e1 sernos notificado sin demora.\u00a0El Cliente deber\u00e1 presentar una descripci\u00f3n precisa del defecto. El Cliente estar\u00e1 obligado a hacer todo lo posible para esclarecer el caso, lo cual significa que\u00a0estar\u00e1 obligado a responder a nuestras preguntas de forma ver\u00eddica y exhaustiva.<\/li>\n<\/ul>\n\n<p>&nbsp;<\/p>\n","protected":false},"excerpt":{"rendered":"<p>5 a\u00f1os de garant\u00eda completa en todos nuestros art\u00edculos. La garant\u00eda incluye piezas, mano de obra y desplazamientos.<br \/>\nSiguiendo nuestra pol\u00edtica de total transparencia con el Consumidor, te detallamos las condiciones claramente.<\/p>\n","protected":false},"author":1,"featured_media":5159,"parent":0,"menu_order":0,"comment_status":"closed","ping_status":"open","template":"","meta":{"pagelayer_contact_templates":[],"_pagelayer_content":"","footnotes":""},"class_list":["post-2207","page","type-page","status-publish","has-post-thumbnail","hentry"],"_links":{"self":[{"href":"https:\/\/cocinasalemanas.com\/test\/wp-json\/wp\/v2\/pages\/2207","targetHints":{"allow":["GET"]}}],"collection":[{"href":"https:\/\/cocinasalemanas.com\/test\/wp-json\/wp\/v2\/pages"}],"about":[{"href":"https:\/\/cocinasalemanas.com\/test\/wp-json\/wp\/v2\/types\/page"}],"author":[{"embeddable":true,"href":"https:\/\/cocinasalemanas.com\/test\/wp-json\/wp\/v2\/users\/1"}],"replies":[{"embeddable":true,"href":"https:\/\/cocinasalemanas.com\/test\/wp-json\/wp\/v2\/comments?post=2207"}],"version-history":[{"count":0,"href":"https:\/\/cocinasalemanas.com\/test\/wp-json\/wp\/v2\/pages\/2207\/revisions"}],"wp:featuredmedia":[{"embeddable":true,"href":"https:\/\/cocinasalemanas.com\/test\/wp-json\/wp\/v2\/media\/5159"}],"wp:attachment":[{"href":"https:\/\/cocinasalemanas.com\/test\/wp-json\/wp\/v2\/media?parent=2207"}],"curies":[{"name":"wp","href":"https:\/\/api.w.org\/{rel}","templated":true}]}}