{"id":2124,"date":"2011-11-24T21:38:07","date_gmt":"2011-11-24T21:38:07","guid":{"rendered":"https:\/\/cocinasalemanas.com\/test\/?page_id=2124"},"modified":"2019-10-16T20:34:45","modified_gmt":"2019-10-16T20:34:45","slug":"calidad-alemana","status":"publish","type":"page","link":"https:\/\/cocinasalemanas.com\/test\/calidad-alemana\/","title":{"rendered":"Calidad alemana"},"content":{"rendered":"<p align=\"left\">Garant\u00eda de solidez, fiabilidad, compromiso y \u00e9xito. Esa es la definici\u00f3n que mas se ajusta a los procesos productivos de nuestros proveedores alemanes.<\/p>\n<p align=\"left\">Con una producci\u00f3n totalmente automatizada, una superficie de fabricaci\u00f3n de 106.000 metros cuadrados y\u00a0distribuci\u00f3n\u00a0en 51 paises consiguen un producto de muy alta calidad a un precio realmente asequible.<\/p>\n<p align=\"left\"><img loading=\"lazy\" decoding=\"async\" width=\"211\" height=\"252\" class=\"alignleft size-full wp-image-2253\" title=\"certificado1\" src=\"https:\/\/cocinasalemanas.com\/test\/wp-content\/uploads\/2011\/11\/certificado1.jpg\" alt=\"\" \/><\/p>\n<p align=\"left\">Extraordinario sistema de gesti\u00f3n de pedidos.<\/p>\n<p>En el momento de confirmar el pedido se garantiza inmediatamente una fecha de entrega (seg\u00fan el modelo entre 5 y 6 semanas). Incluso durante la primera semana se pueden realizar cambios en el pedido sin retrasar la fecha de entrega.<\/p>\n<p align=\"left\">Nuestros proveedores como empresas de actividades industriales, tienen una especial responsabilidad con la protecci\u00f3n de los ecosistemas naturales, y se obliga a una constante mejora en la protecci\u00f3n del medio ambiente.<\/p>\n<p align=\"left\">Para nuestros proveedores conceptos como\u00a0energ\u00eda\u00a0eficiente, descenso de las emisiones y reciclaje , son valores de sostenibilidad necesarios para el futuro.<\/p>\n<p align=\"left\">El centro de control y verificaci\u00f3n LGA QualiTest GmbH ha sometido el programa de muebles de cocina a una prueba de seguridad y expedido el sello de prueba GS, certificando que los muebles cumplen con los requerimientos adecuados en materia de seguridad, capacidad de carga, estabilidad de material y confort de manejo. Adem\u00e1s de ello, el sello de prueba GS indica que nos sometemos a controles peri\u00f3dicos por parte de terceros y con ello se garantiza permanentemente el cumplimiento de dichos requerimientos incluso para los productos nuevos.<\/p>\n<p>&nbsp;<\/p>\n<p>&nbsp;<\/p>\n<p>&nbsp;<\/p>\n<h3 align=\"left\">Memoria de calidades detallada<\/h3>\n<div class=\"zn_accordion--shortcode acc--style3 panel-group \"><div class=\"acc-group \"><button data-toggle=\"collapse\" data-target=\"#acc69d2e183e856f\" class=\"acc-tgg-button text-custom collapsed \">Frentes de madera<span class=\"acc-icon\"><\/span><\/button><div id=\"acc69d2e183e856f\" class=\"acc-panel-collapse collapse \"><div class=\"acc-content\"> Dado que la madera es un material vivo, no debe exponerse a una atm\u00f3sfera extremadamente h\u00fameda o seca. Si no, se altera, es decir, se contrae o se hincha. La madera trabajada est\u00e1 adaptada a la humedad atmosf\u00e9rica normal de 45 a 70 % (medida con un higr\u00f3metro). Una humedad excesiva puede reducirse mejorando el aislamiento o mediante aireaci\u00f3n. El aire excesivamente seco puede humedecerse, p. ej., colgando vaporizadores de agua en los radiadores. Dado que la madera es un material de crecimiento natural, se producen en ella tambi\u00e9n de forma natural diferencias de color y textura. Incluso las diferentes formas de incidir la luz pueden causar variaciones aparentes en el aspecto de la madera. En el transcurso de los a\u00f1os, la diferente acci\u00f3n de la luz y el sol puede dar lugar a cambios de color.<\/div><!-- \/.acc-content --><\/div> <\/div><!-- end \/.acc-group --> <\/div><!-- end \/.acc--style -->\n<div class=\"zn_accordion--shortcode acc--style3 panel-group \"><div class=\"acc-group \"><button data-toggle=\"collapse\" data-target=\"#acc69d2e183e8593\" class=\"acc-tgg-button text-custom collapsed \">Laca mate<span class=\"acc-icon\"><\/span><\/button><div id=\"acc69d2e183e8593\" class=\"acc-panel-collapse collapse \"><div class=\"acc-content\">El material de soporte es un tablero MDF revestido por ambos lados con un papel de fondo apto para el lacado. Los bordes se alisan y se sellan mediante un procedimiento especial. Los frentes est\u00e1n lacados por todos los lados con laca mate. La laca mate contribuye esencialmente a la protecci\u00f3n del medio ambiente. El sistema de laca soluble en agua est\u00e1 hecho casi sin disolventes y no contiene, por supuesto, formaldeh\u00eddo. Al incidir los rayos ultravioletas, se forman lacados de primera categor\u00eda con una enorme resistencia, aptos para ser sometidos a los m\u00e1s intensos esfuerzos qu\u00edmicos y mec\u00e1nicos. La laca texturizada se caracteriza por su elegancia y gran fotoestabilidad.\u00a0<\/div><!-- \/.acc-content --><\/div> <\/div><!-- end \/.acc-group --> <\/div><!-- end \/.acc--style -->\n<div class=\"zn_accordion--shortcode acc--style3 panel-group \"><div class=\"acc-group \"><button data-toggle=\"collapse\" data-target=\"#acc69d2e183e85a1\" class=\"acc-tgg-button text-custom collapsed \">Laca alto brillo<span class=\"acc-icon\"><\/span><\/button><div id=\"acc69d2e183e85a1\" class=\"acc-panel-collapse collapse \"><div class=\"acc-content\">El material de base es un panel de MDF recubierto por la cara posterior con melamina utilizando un papel de un color adecuado. La superficie de la cara delantera y los cantos reciben en un primer paso de trabajo tres capas de laca de poli\u00e9ster. En el paso siguiente se aplica una capa de laca de poliuretano blanca mate y por \u00faltimo se aplica una capa de laca de poliuretano de alto brillo en color de frente correspondiente.\u00a0<\/div><!-- \/.acc-content --><\/div> <\/div><!-- end \/.acc-group --> <\/div><!-- end \/.acc--style -->\n<div class=\"zn_accordion--shortcode acc--style3 panel-group \"><div class=\"acc-group \"><button data-toggle=\"collapse\" data-target=\"#acc69d2e183e85ab\" class=\"acc-tgg-button text-custom collapsed \">Frente acr\u00edlico<span class=\"acc-icon\"><\/span><\/button><div id=\"acc69d2e183e85ab\" class=\"acc-panel-collapse collapse \"><div class=\"acc-content\">Frentes acr\u00edlicos compuestos de paneles con revestimiento decorativo por un lado a base de melamina. Sirven de material de soporte para todos los frentes acr\u00edlicos. La cara delantera consiste en una superficie acr\u00edlica de 1 mm de espesor encolada con el material de soporte. El recubrimiento de los cantos se hace por los cuatro lados con un canto grueso de pol\u00edmero.<\/div><!-- \/.acc-content --><\/div> <\/div><!-- end \/.acc-group --> <\/div><!-- end \/.acc--style -->\n<div class=\"zn_accordion--shortcode acc--style3 panel-group \"><div class=\"acc-group \"><button data-toggle=\"collapse\" data-target=\"#acc69d2e183e85b4\" class=\"acc-tgg-button text-custom collapsed \">Armaz\u00f3n estandar<span class=\"acc-icon\"><\/span><\/button><div id=\"acc69d2e183e85b4\" class=\"acc-panel-collapse collapse \"><div class=\"acc-content\">Grosores del material 16 mm para costados 16 mm para estantes (19mm en colecci\u00f3n exclusivo) Cantos gruesos pol\u00edmeros en todos los bordes delanteros Elecci\u00f3n de color de acuerdo con el programa correspondiente. Opcionalmente pueden equiparse con el perfil \u00absafe\u00bb que evita la entrada de polvo en el interior gracias al sellado pr\u00e1cticamente herm\u00e9tico.<\/div><!-- \/.acc-content --><\/div> <\/div><!-- end \/.acc-group --> <\/div><!-- end \/.acc--style -->\n<div class=\"zn_accordion--shortcode acc--style3 panel-group \"><div class=\"acc-group \"><button data-toggle=\"collapse\" data-target=\"#acc69d2e183e85bd\" class=\"acc-tgg-button text-custom collapsed \">Bisagras<span class=\"acc-icon\"><\/span><\/button><div id=\"acc69d2e183e85bd\" class=\"acc-panel-collapse collapse \"><div class=\"acc-content\">Bisagra de clip (totalmente met\u00e1lica) De cierre autom\u00e1tico, \u00e1ngulo de apertura 110\u00b0 regulaci\u00f3n tridimensional, montaje sin necesidad de herramienta. Opcionalmente pueden equiparse con freno hidrah\u00falico.<\/div><!-- \/.acc-content --><\/div> <\/div><!-- end \/.acc-group --> <\/div><!-- end \/.acc--style -->\n<div class=\"zn_accordion--shortcode acc--style3 panel-group \"><div class=\"acc-group \"><button data-toggle=\"collapse\" data-target=\"#acc69d2e183e85c6\" class=\"acc-tgg-button text-custom collapsed \">Cajones y gavetas<span class=\"acc-icon\"><\/span><\/button><div id=\"acc69d2e183e85c6\" class=\"acc-panel-collapse collapse \"><div class=\"acc-content\">Cajones- De formas elegantes, estable, acabado epoxi color acero inoxidable, f\u00e1cil de limpiar gracias al rebaje redondeado del interior. Carriles de extracci\u00f3n total con cierre autom\u00e1tico y cierre con freno \u00absoft\u00bb. \u00a0Bastidor met\u00e1lico con trasera met\u00e1lica, 16 mm grosor del material para fondo de caj\u00f3n en blanco. \u00a0Gran suavidad de marcha mediante sincronizaci\u00f3n, Capacidad de carga incluido tara (frente, tirador y caj\u00f3n): 40 kg. \u00a0Regulaci\u00f3n de la altura por exc\u00e9ntrica integrada y oculta, regulaci\u00f3n tridimensional, montaje de frentes sin necesidad de herramienta.<\/p>\n<p>Gavetas &#8211; De formas elegantes, estable, acabado epoxi color acero inoxidable, f\u00e1cil de limpiar gracias al rebaje redondeado del interior. Carriles de extracci\u00f3n total con cierre autom\u00e1tico y cierre con freno \u00absoft\u00bb. \u00a0Bastidor met\u00e1lico con trasera met\u00e1lica 16 mm grosor del material para fondo de gaveta en blanco. \u00a0Gran suavidad de marcha mediante sincronizaci\u00f3n, Capacidad de carga incluido tara (frente, tirador y gaveta): 30-60 cm 40 kg; 80-100 cm 70 kg. \u00a0Regulaci\u00f3n de la altura por exc\u00e9ntrica integrada y oculta, regulaci\u00f3n tridimensional, montaje de frentes sin necesidad de herramienta. Con recargo: Esterilla antideslizante.<\/p>\n<p>Todos nuestros sistemas de cajones y gavetas son de la prestigiosa marca austriaca Grass \u00ae.<\/div><!-- \/.acc-content --><\/div> <\/div><!-- end \/.acc-group --> <\/div><!-- end \/.acc--style -->\n<div class=\"zn_accordion--shortcode acc--style3 panel-group \"><div class=\"acc-group \"><button data-toggle=\"collapse\" data-target=\"#acc69d2e183e85cf\" class=\"acc-tgg-button text-custom collapsed \">Sistemas de z\u00f3calos<span class=\"acc-icon\"><\/span><\/button><div id=\"acc69d2e183e85cf\" class=\"acc-panel-collapse collapse \"><div class=\"acc-content\">Patas de z\u00f3calo de pol\u00edmero en las alturas de z\u00f3calo 10\/15\/20 cm a elecci\u00f3n. \u00a0Paneles de z\u00f3calo con perfil de obturaci\u00f3n en el suelo. \u00a0Estables, f\u00e1ciles de montar, protecci\u00f3n antihumedad, circulaci\u00f3n de aire. \u00a0Otras posibilidades de regulaci\u00f3n en los pies de z\u00f3calo = +\/- 20 mm. \u00a0Continuos, movibles, f\u00e1cil montaje\/desmontaje mediante mecanismo de clip, \u00f3ptimas posibilidades de limpieza bajo los elementos.<\/div><!-- \/.acc-content --><\/div> <\/div><!-- end \/.acc-group --> <\/div><!-- end \/.acc--style -->\n<div class=\"zn_accordion--shortcode acc--style3 panel-group \"><div class=\"acc-group \"><button data-toggle=\"collapse\" data-target=\"#acc69d2e183e85d8\" class=\"acc-tgg-button text-custom collapsed \">Cristal<span class=\"acc-icon\"><\/span><\/button><div id=\"acc69d2e183e85d8\" class=\"acc-panel-collapse collapse \"><div class=\"acc-content\">Para la fabricaci\u00f3n de cristal, se emplean materias primas naturales. Por tal motivo, no se pueden evitar ligeras variaciones de color, aun trat\u00e1ndose de componentes de un mismo lote de producci\u00f3n. Con respecto a las tolerancias de fabricaci\u00f3n y a las caracter\u00edsticas de calidad, nuestros cristales se corresponden con las respectivas normas y directivas DIN 1249-1, DIN 1249-3, DIN EN 572-4 y RAL-GZ 430..<\/div><!-- \/.acc-content --><\/div> <\/div><!-- end \/.acc-group --> <\/div><!-- end \/.acc--style -->\n<div class=\"zn_accordion--shortcode acc--style3 panel-group \"><div class=\"acc-group \"><button data-toggle=\"collapse\" data-target=\"#acc69d2e183e85e0\" class=\"acc-tgg-button text-custom collapsed \">Consejos de mantenimiento<span class=\"acc-icon\"><\/span><\/button><div id=\"acc69d2e183e85e0\" class=\"acc-panel-collapse collapse \"><div class=\"acc-content\">Nuestras cocinas modulares est\u00e1n exentas de mantenimiento. Usted puede, sin embargo, prolongar la vida \u00fatil de la cocina lubricando las piezas m\u00f3viles utilizadas con especial frecuencia, tales como bisagras y rodamientos, con una gota de aceite cada 2 a\u00f1os aproximadamente. Para un funcionamiento perfecto de las gavetas es indispensable mantener los carriles limpios. Especialmente las part\u00edculas de suciedad que van a parar a los carriles deben limpiarse con frecuencia.<\/div><!-- \/.acc-content --><\/div> <\/div><!-- end \/.acc-group --> <\/div><!-- end \/.acc--style -->\n<h4><\/h4>\n<p>&nbsp;<\/p>\n<p>&nbsp;<\/p>\n<h4>Medidas estandar<\/h4>\n<p>Extensa gama de medidas para adaptarnos a su espacio y conseguir una cocina totalmente ergon\u00f3mica adecuada al usuario. 2 alturas de armario bajo, 4 alturas de armario alto, 5 alturas de armario columna, 3 alturas de z\u00f3calo est\u00e1ndar, 3 medidas de fondo est\u00e1ndar.<\/p>\n<p>&nbsp;<\/p>\n<p><img loading=\"lazy\" decoding=\"async\" class=\"size-full wp-image-2264 \" title=\"medidas\" src=\"https:\/\/cocinasalemanas.com\/test\/wp-content\/uploads\/2011\/11\/medidas.jpg\" alt=\"\" width=\"629\" height=\"388\" srcset=\"https:\/\/cocinasalemanas.com\/test\/wp-content\/uploads\/2011\/11\/medidas.jpg 699w, https:\/\/cocinasalemanas.com\/test\/wp-content\/uploads\/2011\/11\/medidas-300x184.jpg 300w\" sizes=\"auto, (max-width: 629px) 100vw, 629px\" \/><\/p>\n<p style=\"text-align: center;\"><span style=\"font-size: 11px; line-height: 17px;\">Medidas\u00a0est\u00e1ndar, puede haber ligeras variaciones seg\u00fan colecciones<\/span><\/p>\n<p>&nbsp;<\/p>\n","protected":false},"excerpt":{"rendered":"<p>Garant\u00eda de solidez, fiabilidad, compromiso y \u00e9xito. Esa es la definici\u00f3n que mas se ajusta a los procesos productivos de nuestros proveedores alemanes.  Abalado por los m\u00e1s estrictos controles y certificados de calidad.<\/p>\n","protected":false},"author":1,"featured_media":4363,"parent":0,"menu_order":0,"comment_status":"closed","ping_status":"open","template":"","meta":{"pagelayer_contact_templates":[],"_pagelayer_content":"","footnotes":""},"class_list":["post-2124","page","type-page","status-publish","has-post-thumbnail","hentry"],"_links":{"self":[{"href":"https:\/\/cocinasalemanas.com\/test\/wp-json\/wp\/v2\/pages\/2124","targetHints":{"allow":["GET"]}}],"collection":[{"href":"https:\/\/cocinasalemanas.com\/test\/wp-json\/wp\/v2\/pages"}],"about":[{"href":"https:\/\/cocinasalemanas.com\/test\/wp-json\/wp\/v2\/types\/page"}],"author":[{"embeddable":true,"href":"https:\/\/cocinasalemanas.com\/test\/wp-json\/wp\/v2\/users\/1"}],"replies":[{"embeddable":true,"href":"https:\/\/cocinasalemanas.com\/test\/wp-json\/wp\/v2\/comments?post=2124"}],"version-history":[{"count":0,"href":"https:\/\/cocinasalemanas.com\/test\/wp-json\/wp\/v2\/pages\/2124\/revisions"}],"wp:featuredmedia":[{"embeddable":true,"href":"https:\/\/cocinasalemanas.com\/test\/wp-json\/wp\/v2\/media\/4363"}],"wp:attachment":[{"href":"https:\/\/cocinasalemanas.com\/test\/wp-json\/wp\/v2\/media?parent=2124"}],"curies":[{"name":"wp","href":"https:\/\/api.w.org\/{rel}","templated":true}]}}