{"id":2032,"date":"2011-11-21T20:48:45","date_gmt":"2011-11-21T20:48:45","guid":{"rendered":"https:\/\/cocinasalemanas.com\/test\/?page_id=2032"},"modified":"2020-08-17T18:30:56","modified_gmt":"2020-08-17T18:30:56","slug":"colores-de-armazon","status":"publish","type":"page","link":"https:\/\/cocinasalemanas.com\/test\/colores-de-armazon\/","title":{"rendered":"Colores de Armaz\u00f3n"},"content":{"rendered":"<p>Disponemos de 14 colores distintos para los armazones de tus muebles.<\/p>\n<p>Puedes combinarlos como quieras sin incremento de precio. \u00a0Con un poco de imaginaci\u00f3n puedes conseguir configuraciones muy llamativas.<\/p>\n\n<ul class=\"list-style1\">\n<li>Dispones de acabados mate: blanco envejecido, magnolia, antracita, cachemir, etc.<\/li>\n<li>Acabados en brillo: blanco envejecido y \u00a0magnolia.<\/li>\n<li>Acabados imitaci\u00f3n madera: Roble tierra, Nogal, Acacia luminoso, etc.<\/li>\n<li>Acabados imitaci\u00f3n acero.<\/li>\n<\/ul>\n\n<p>&nbsp;<\/p>\n<p>Todos los acabados son para el exterior del armaz\u00f3n y los cantos frontales. El interior siempre es blanco, excepto en las estanter\u00edas y vitrinas. En estos \u00faltimos el acabado es por las dos caras. Hay disponibles toda clase de accesorios con los mismos acabados:\u00a0estanter\u00edas\u00a0 baldas, costados, etc. \u00a0Las posibilidades de dise\u00f1o solo est\u00e1n\u00a0limitadas\u00a0por la creatividad del dise\u00f1ador.<\/p>\n<p>&nbsp;<\/p>\n<p>&nbsp;<\/p>\n","protected":false},"excerpt":{"rendered":"<p>Disponemos de 14 colores distintos para los armazones de tus muebles. Puedes combinarlos como quieras sin incremento de precio. \u00a0Con un poco de imaginaci\u00f3n puedes conseguir configuraciones muy llamativas. &nbsp; Todos los acabados son para el exterior del armaz\u00f3n y los cantos frontales. El interior siempre es blanco, excepto en las estanter\u00edas y vitrinas. En<\/p>\n","protected":false},"author":1,"featured_media":0,"parent":0,"menu_order":0,"comment_status":"closed","ping_status":"open","template":"","meta":{"pagelayer_contact_templates":[],"_pagelayer_content":"","footnotes":""},"class_list":["post-2032","page","type-page","status-publish","hentry"],"_links":{"self":[{"href":"https:\/\/cocinasalemanas.com\/test\/wp-json\/wp\/v2\/pages\/2032","targetHints":{"allow":["GET"]}}],"collection":[{"href":"https:\/\/cocinasalemanas.com\/test\/wp-json\/wp\/v2\/pages"}],"about":[{"href":"https:\/\/cocinasalemanas.com\/test\/wp-json\/wp\/v2\/types\/page"}],"author":[{"embeddable":true,"href":"https:\/\/cocinasalemanas.com\/test\/wp-json\/wp\/v2\/users\/1"}],"replies":[{"embeddable":true,"href":"https:\/\/cocinasalemanas.com\/test\/wp-json\/wp\/v2\/comments?post=2032"}],"version-history":[{"count":0,"href":"https:\/\/cocinasalemanas.com\/test\/wp-json\/wp\/v2\/pages\/2032\/revisions"}],"wp:attachment":[{"href":"https:\/\/cocinasalemanas.com\/test\/wp-json\/wp\/v2\/media?parent=2032"}],"curies":[{"name":"wp","href":"https:\/\/api.w.org\/{rel}","templated":true}]}}