{"id":2028,"date":"2011-11-21T20:46:28","date_gmt":"2011-11-21T20:46:28","guid":{"rendered":"https:\/\/cocinasalemanas.com\/test\/?page_id=2028"},"modified":"2020-08-17T18:35:43","modified_gmt":"2020-08-17T18:35:43","slug":"tiradores","status":"publish","type":"page","link":"https:\/\/cocinasalemanas.com\/test\/tiradores\/","title":{"rendered":"Tiradores"},"content":{"rendered":"<p>Disponemos de m\u00e1s de 60 modelos de tiradores que abarcan todos los estilos.\u00a0 Principalmente en acero, negro y acero envejecido.<\/p>\n<p>Ademas de estos tienes tambi\u00e9n la opci\u00f3n de no poner ninguno y utilizar el sistema \u00abpush\u00bb, al apretar ligeramente en la puerta, esta se abre mediante un sistema autom\u00e1tico.\u00a0 Funciona tanto con sistemas mec\u00e1nicos como el\u00e9ctricos, no dudes en pedirnos m\u00e1s informaci\u00f3n.<\/p>\n<p>Recuerda tambi\u00e9n que somos especialistas en el sistema con gola, tanto vertical como horizontal, puedes ver un buen ejemplo en esta instalaci\u00f3n:<\/p>\n<p>&nbsp;<\/p>\n<p style=\"text-align: center;\"><a title=\"cocina Ana\" href=\"https:\/\/cocinasalemanas.com\/test\/noticias\/diseno-sin-tirador\/\">\u00a0La cocina de Ana<\/a><\/p>\n<p>&nbsp;<\/p>\n<p><strong>\u00a0<\/strong>En este \u00faltimo sistema, como novedad en 2020 se presente el sistema \u00abone line\u00bb una combinaci\u00f3n del sistema gola y push.<\/p>\n<p>&nbsp;<\/p>\n<p>&nbsp;<\/p>\n","protected":false},"excerpt":{"rendered":"<p>Disponemos de m\u00e1s de 60 modelos de tiradores que abarcan todos los estilos.\u00a0 Principalmente en acero, negro y acero envejecido. Ademas de estos tienes tambi\u00e9n la opci\u00f3n de no poner ninguno y utilizar el sistema \u00abpush\u00bb, al apretar ligeramente en la puerta, esta se abre mediante un sistema autom\u00e1tico.\u00a0 Funciona tanto con sistemas mec\u00e1nicos como<\/p>\n","protected":false},"author":1,"featured_media":0,"parent":0,"menu_order":0,"comment_status":"closed","ping_status":"open","template":"","meta":{"pagelayer_contact_templates":[],"_pagelayer_content":"","footnotes":""},"class_list":["post-2028","page","type-page","status-publish","hentry"],"_links":{"self":[{"href":"https:\/\/cocinasalemanas.com\/test\/wp-json\/wp\/v2\/pages\/2028","targetHints":{"allow":["GET"]}}],"collection":[{"href":"https:\/\/cocinasalemanas.com\/test\/wp-json\/wp\/v2\/pages"}],"about":[{"href":"https:\/\/cocinasalemanas.com\/test\/wp-json\/wp\/v2\/types\/page"}],"author":[{"embeddable":true,"href":"https:\/\/cocinasalemanas.com\/test\/wp-json\/wp\/v2\/users\/1"}],"replies":[{"embeddable":true,"href":"https:\/\/cocinasalemanas.com\/test\/wp-json\/wp\/v2\/comments?post=2028"}],"version-history":[{"count":0,"href":"https:\/\/cocinasalemanas.com\/test\/wp-json\/wp\/v2\/pages\/2028\/revisions"}],"wp:attachment":[{"href":"https:\/\/cocinasalemanas.com\/test\/wp-json\/wp\/v2\/media?parent=2028"}],"curies":[{"name":"wp","href":"https:\/\/api.w.org\/{rel}","templated":true}]}}