{"id":2026,"date":"2011-11-21T20:45:54","date_gmt":"2011-11-21T20:45:54","guid":{"rendered":"https:\/\/cocinasalemanas.com\/test\/?page_id=2026"},"modified":"2020-08-17T18:31:51","modified_gmt":"2020-08-17T18:31:51","slug":"encimeras","status":"publish","type":"page","link":"https:\/\/cocinasalemanas.com\/test\/encimeras\/","title":{"rendered":"Encimeras"},"content":{"rendered":"<p>Somos distribuidores de los principales fabricantes de encimeras: \u00a0Solid surface, Silestone, Compac, Corian, Neolitth, CesarStone, acero, etc.<\/p>\n<p>En cocinasalemanas estaremos encantados de estudiar cada caso concreto para sugerirte el material\u00a0id\u00f3neo\u00a0para ti.<\/p>\n<p>A continuaci\u00f3n te\u00a0detallamos\u00a0las propiedades de\u00a0nuestras\u00a0encimeras estratificadas.<\/p>\n<p>&nbsp;<\/p>\n<h4>Encimeras estratificadas<\/h4>\n<p>Nuestras encimeras estratificadas est\u00e1n fabricadas siguiendo los mas estrictos controles de calidad para conseguir una alta resistencia tanto al calor como a los productos qu\u00edmicos,\u00a0especialmente\u00a0en juntas y cantos, por ello cuentan con una garant\u00eda completa de 5 a\u00f1os.<\/p>\n<div style=\"width: 295px\" class=\"wp-caption alignleft\"><img loading=\"lazy\" decoding=\"async\" class=\" \" title=\"juntaenc\" src=\"https:\/\/cocinasalemanas.com\/test\/wp-content\/uploads\/2011\/10\/juntaenc.png\" alt=\"\" width=\"285\" height=\"234\" \/><p class=\"wp-caption-text\">Detalle junta encimera<\/p><\/div>\n<p>Se fabrican en los siguientes grosores: 1,6 cm &#8211; 4 cm &#8211; 5cm -6cm -8cm. \u00a0 La\u00a0mayor\u00eda\u00a0de los colores disponibles tambi\u00e9n lo est\u00e1n para costados de distintos grosores. Con ello se consigue una muy amplia variedad de combinaciones. Pueden conseguir un efecto de enmarcado de muebles muy actual. \u00a0Por supuesto el copete de remate a la pared est\u00e1 disponible en todos los colores de encimera.<\/p>\n<p>Nuestras encimeras vienen cortadas a la medida exacta de la instalaci\u00f3n y preparadas con juntas estancas y\u00a0pr\u00e1cticamente\u00a0invisibles. \u00a0Pueden fabricarse cualquier tipo de dise\u00f1o con cortes curvos de cualquier radio. \u00a0Especialmente\u00a0\u00fatil\u00a0para dise\u00f1os especiales en barras e islas.<\/p>\n<p>Disponemos tambi\u00e9n de opciones para integrar fregaderos y vitrocer\u00e1micas a ras de la encimera. \u00a0Nuestro exclusivo sistema de fresado y sellado de nuestras encimeras con resina sint\u00e9tica nos permiten integrar estos elementos con total garant\u00eda.<\/p>\n<p>Puedes elegir esquinas rectas, redondeadas, canto aluminio, etc<\/p>\n<p>Disponemos de una gran\u00a0variedad\u00a0de posibilidades para la fabricaci\u00f3n de mesas, barras, estantes con los mismos materiales que la encimera para mantener un dise\u00f1o compacto de nuestras cocinas, en particular cuando se integran en el sal\u00f3n.<\/p>\n<p>&nbsp;<\/p>\n<address>Tanto las encimeras estratificadas como los granitos naturales incluso algunos modelos de colores no lisos de silestone, son o imitan materiales naturales, por tanto presentan diferentes zonas de configuraci\u00f3n y color en la alineaci\u00f3n de la beta o textura, en esto reside el secreto de su naturalidad y su gran belleza. Esta diferencia de textura y color puede producirse especialmente en\u00a0\u00e1reas\u00a0de uni\u00f3n de encimeras. Estas diferencias son inevitables y no un defecto de fabricaci\u00f3n.<\/address>\n","protected":false},"excerpt":{"rendered":"<p>Somos distribuidores de los principales fabricantes de encimeras: \u00a0Solid surface, Silestone, Compac, Corian, Neolitth, CesarStone, acero, etc. En cocinasalemanas estaremos encantados de estudiar cada caso concreto para sugerirte el material\u00a0id\u00f3neo\u00a0para ti. A continuaci\u00f3n te\u00a0detallamos\u00a0las propiedades de\u00a0nuestras\u00a0encimeras estratificadas. &nbsp; Encimeras estratificadas Nuestras encimeras estratificadas est\u00e1n fabricadas siguiendo los mas estrictos controles de calidad para conseguir una<\/p>\n","protected":false},"author":1,"featured_media":0,"parent":0,"menu_order":0,"comment_status":"closed","ping_status":"open","template":"","meta":{"pagelayer_contact_templates":[],"_pagelayer_content":"","footnotes":""},"class_list":["post-2026","page","type-page","status-publish","hentry"],"_links":{"self":[{"href":"https:\/\/cocinasalemanas.com\/test\/wp-json\/wp\/v2\/pages\/2026","targetHints":{"allow":["GET"]}}],"collection":[{"href":"https:\/\/cocinasalemanas.com\/test\/wp-json\/wp\/v2\/pages"}],"about":[{"href":"https:\/\/cocinasalemanas.com\/test\/wp-json\/wp\/v2\/types\/page"}],"author":[{"embeddable":true,"href":"https:\/\/cocinasalemanas.com\/test\/wp-json\/wp\/v2\/users\/1"}],"replies":[{"embeddable":true,"href":"https:\/\/cocinasalemanas.com\/test\/wp-json\/wp\/v2\/comments?post=2026"}],"version-history":[{"count":0,"href":"https:\/\/cocinasalemanas.com\/test\/wp-json\/wp\/v2\/pages\/2026\/revisions"}],"wp:attachment":[{"href":"https:\/\/cocinasalemanas.com\/test\/wp-json\/wp\/v2\/media?parent=2026"}],"curies":[{"name":"wp","href":"https:\/\/api.w.org\/{rel}","templated":true}]}}