{"id":1993,"date":"2011-11-20T09:28:16","date_gmt":"2011-11-20T09:28:16","guid":{"rendered":"https:\/\/cocinasalemanas.com\/test\/?page_id=1993"},"modified":"2021-03-30T19:53:33","modified_gmt":"2021-03-30T19:53:33","slug":"sobre-nosotros","status":"publish","type":"page","link":"https:\/\/cocinasalemanas.com\/test\/sobre-nosotros\/","title":{"rendered":"Sobre nosotros"},"content":{"rendered":"<p style=\"text-align: left;\">En cocinasalemanas te ofrecemos una alternativa para conseguir tu cocina exclusiva, del mejor fabricante alem\u00e1n a un precio sin competencia.<\/p>\n<p style=\"text-align: left;\">Ademas puedes conseguirla c\u00f3modamente desde tu casa, con nuestro sistema solo tienes que solicitarnos un presupuesto y nosotros nos encargamos de todo. \u00a0Sin que tengas que renunciar a ning\u00fan servicio, \u00a1COMPRUEBALO! , <a title=\"dise\u00f1amos tu cocina\" href=\"https:\/\/cocinasalemanas.com\/test\/presupuesto\/\">solicita ahora su presupuesto.<\/a><\/p>\n<p>&nbsp;<\/p>\n<h3>\u00a0<strong><span data-mce-mark=\"1\">D\u00e9janos\u00a0explicarte porque nuestros precios son tan ajustados.<\/span><\/strong><\/h3>\n\n<ul class=\"list-style2\">\n<li>Trabajamos directamente con uno de los mayores fabricantes alemanes de cocinas del mundo. \u00a0H\u00e4cker es el primer fabricante Alem\u00e1n en cocinas de gama alta.<\/li>\n<li>Reducimos los gastos innecesarios al m\u00e1ximo.<\/li>\n<li>No formamos parte de una red de franquicias, no hacemos grandes inversiones en publicidad. Directamente de la f\u00e1brica el consumidor.<\/li>\n<li>Nuestro objetivo es ofrecerle las mejores cocinas a un precio asequible.<\/li>\n<\/ul>\n\n<p>&nbsp;<\/p>\n<h3>Como conseguir tu cocina<\/h3>\n<p>En cocinasalemanas\u00a0somos muy conscientes de lo importante que es la transparencia hoy en d\u00eda. \u00a0Por eso desde el primer momento te exponemos el proceso completo de compra de su cocina. \u00a0 No te llevara sorpresas:<\/p>\n\n<ul class=\"list-style2\">\n<li>P\u00eddenos\u00a0un presupuesto on-line, no te costara nada y no te comprometes a nada. Te ofreceremos la mejor oferta posible de muebles y electrodom\u00e9sticos. \u00a0Al solicitar el presupuesto no olvides adjuntar un plano de tu cocina. \u00a0No te preocupes si no es exacto. \u00a0En caso de estar de acuerdo con el presupuesto\u00a0nosotros haremos una medici\u00f3n exacta de tu cocina. \u00a0Si no quieres hacer tu mismo la medici\u00f3n, no te preocupes, contacta con nosotros y te enviaremos a un t\u00e9cnico para medirla. \u00a0Este servicio es gratuito en la comunidad de Madrid.<\/li>\n<li>Revisa tu oferta y\u00a0dec\u00eddete.<\/li>\n<li>El primer paso es medir tu cocina con exactitud por un t\u00e9cnico de\u00a0cocinasalemanas.<\/li>\n<li>Una vez tengamos la medici\u00f3n exacta, nuestros dise\u00f1adores contactar\u00e1n contigo para concretar todos los detalles de tu cocina y verificar el dise\u00f1o por si es necesaria alguna modificaci\u00f3n. Esto proceso podr\u00e1 durar tanto como sea necesario hasta que consigas el dise\u00f1o exactamente como deseas. \u00a0El proceso de dise\u00f1o se realiza con el software mas avanzado. \u00a0La calidad fotorrealista es tal que casi podras tocar tu cocina antes de fabricarla. Una vez finalizado el dise\u00f1o es hora de encargar todo el mobiliario, accesorios y electrodom\u00e9sticos.<\/li>\n<li>Desde este momento el plazo de entrega sera de entre cinco y seis semanas. Para realizar este paso debes darnos una se\u00f1al de tu cocina.<\/li>\n<li>Transcurrido el pazo de 5\/6 semanas recibimos su cocina en nuestro almac\u00e9n. \u00a0En este momento contactaremos contigo para proceder a la instalaci\u00f3n. \u00a0Normalmente tu cocina se instala en un solo\u00a0d\u00eda. \u00a0 En caso de tener encimera de silestone \/ granito o similar es en el momento de la instalaci\u00f3n\u00a0cuando se mide con\u00a0exactitud. \u00a0En este caso la encimera se instalar\u00e1 al cabo de unos 4\u00a0d\u00edas.<\/li>\n<li>La instalaci\u00f3n siempre es realizada por un t\u00e9cnico especializado, el cual, tambi\u00e9n instalar\u00e1 los electrodom\u00e9sticos adquiridos.<\/li>\n<li>Una vez tu cocina est\u00e1 totalmente instalada\u00a0deber\u00e1s abonar el importe pendiente.<\/li>\n<\/ul>\n\n<h4><\/h4>\n<p>&nbsp;<\/p>\n<h3>Nuestros servicios al detalle<\/h3>\n<div class=\"zn_accordion--shortcode acc--default-style panel-group \"><div class=\"acc-group \"><button data-toggle=\"collapse\" data-target=\"#acc69d3a9dccc946\" class=\"acc-tgg-button text-custom collapsed \">Dise\u00f1o<span class=\"acc-icon\"><\/span><\/button><div id=\"acc69d3a9dccc946\" class=\"acc-panel-collapse collapse \"><div class=\"acc-content\">\n<p>Nuestros expertos decoradores dise\u00f1an su cocina con ayuda del software mas avanzado. \u00a0puede ver a continuaci\u00f3n algunos ejemplos.[AFG_gallery id=&#8217;41&#8217;]\n<\/div><!-- \/.acc-content --><\/div> <\/div><!-- end \/.acc-group --> <\/div><!-- end \/.acc--style -->\n<div class=\"zn_accordion--shortcode acc--default-style panel-group \"><div class=\"acc-group \"><button data-toggle=\"collapse\" data-target=\"#acc69d3a9dccc97b\" class=\"acc-tgg-button text-custom collapsed \">Showroom<span class=\"acc-icon\"><\/span><\/button><div id=\"acc69d3a9dccc97b\" class=\"acc-panel-collapse collapse \"><div class=\"acc-content\">\nPara que puedas comprobar la gran calidad de nuestro mobiliario, disponemos de una sala de muestras con algunos de nuestros modelos m\u00e1s representativos y con gran\u00a0variedad\u00a0de\u00a0soluciones\u00a0de almacenamiento para comprobar el\u00a0funcionamiento\u00a0de los mismos. \u00a0Si deseas visitarnos, por favor,\u00a0ll\u00e1manos\u00a0para concertar una cita y ofrecerte as\u00ed el mejor servicio posible. \u00a0Nuestro horario se adapta a tus necesidades sin ninguna restricci\u00f3n \u00a0(Tel. \u00a0600 44 96 82) .<br \/>\n<\/div><!-- \/.acc-content --><\/div> <\/div><!-- end \/.acc-group --> <\/div><!-- end \/.acc--style -->\n<div class=\"zn_accordion--shortcode acc--default-style panel-group \"><div class=\"acc-group \"><button data-toggle=\"collapse\" data-target=\"#acc69d3a9dccc991\" class=\"acc-tgg-button text-custom collapsed \">Env\u00edo muestras<span class=\"acc-icon\"><\/span><\/button><div id=\"acc69d3a9dccc991\" class=\"acc-panel-collapse collapse \"><div class=\"acc-content\">\nDisponemos de muestras de todos nuestros productos. \u00a0Si lo deseas podemos enviarte a tu domicilio frentes de puerta o muestras de encimeras para que puedas comprobar la gran calidad que tienen. \u00a0Este servicio es gratuito en la comunidad de Madrid, en el resto puede haber un peque\u00f1o coste por los gastos de\u00a0transporte. \u00a0Este importe se descontar\u00e1 del pago final de tu cocina.<br \/>\n<\/div><!-- \/.acc-content --><\/div> <\/div><!-- end \/.acc-group --> <\/div><!-- end \/.acc--style -->\n<div class=\"zn_accordion--shortcode acc--default-style panel-group \"><div class=\"acc-group \"><button data-toggle=\"collapse\" data-target=\"#acc69d3a9dccc9a3\" class=\"acc-tgg-button text-custom collapsed \">Medici\u00f3n<span class=\"acc-icon\"><\/span><\/button><div id=\"acc69d3a9dccc9a3\" class=\"acc-panel-collapse collapse \"><div class=\"acc-content\">\nEn todos los casos cocinasalemanas realizara un estudio completo de tu cocina in-situ. \u00a0No obstante para agilizar el proceso, el primer dise\u00f1o podemos hacerlo con la medici\u00f3n enviada por el Cliente.<br \/>\n<\/div><!-- \/.acc-content --><\/div> <\/div><!-- end \/.acc-group --> <\/div><!-- end \/.acc--style -->\n<div class=\"zn_accordion--shortcode acc--default-style panel-group \"><div class=\"acc-group \"><button data-toggle=\"collapse\" data-target=\"#acc69d3a9dccc9b5\" class=\"acc-tgg-button text-custom collapsed \">Instalaci\u00f3n<span class=\"acc-icon\"><\/span><\/button><div id=\"acc69d3a9dccc9b5\" class=\"acc-panel-collapse collapse \"><div class=\"acc-content\">\nSin duda la instalaci\u00f3n es crucial para conseguir el resultado esperado, por lo que no debe dejarse en manos de cualquiera. \u00a0Cocinasalemanas dispone de t\u00e9cnicos instaladores con amplia experiencia en instalaci\u00f3n de muebles alemanes. \u00a0Podemos garantizarte que todos \u00a0nuestros instaladores est\u00e1n perfectamente formados para realizar su funci\u00f3n. \u00a0Ademas todos ellos cumplen con todos los requisitos legales, cursos de prevenci\u00f3n de riesgos laborales, poliza de responsabilidad civil, etc.<br \/>\n<\/div><!-- \/.acc-content --><\/div> <\/div><!-- end \/.acc-group --> <\/div><!-- end \/.acc--style -->\n<div class=\"zn_accordion--shortcode acc--default-style panel-group \"><div class=\"acc-group \"><button data-toggle=\"collapse\" data-target=\"#acc69d3a9dccc9c6\" class=\"acc-tgg-button text-custom collapsed \">Cocina de cortes\u00eda<span class=\"acc-icon\"><\/span><\/button><div id=\"acc69d3a9dccc9c6\" class=\"acc-panel-collapse collapse \"><div class=\"acc-content\">\nNuestras cocinas se\u00a0fabrican\u00a0en las mas modernas\u00a0factor\u00edas\u00a0alemanas. \u00a0Por este motivo el plazo de entrega es de unas 5 semanas desde la formalizaci\u00f3n del pedido. \u00a0Para nuestros Clientes disponemos de un servicio de instalaci\u00f3n de cocina de\u00a0cortes\u00eda\u00a0para casos en los que la espera es un problema, por ejemplo alquileres que cumplen, familias con hijos, etc. \u00a0En estos casos ponemos a su disposici\u00f3n unos muebles de\u00a0cortes\u00eda\u00a0que se instalan junto con tus electrodom\u00e9sticos hasta que tengamos tu cocina preparada. \u00a0Este servicio es gratuito en la comunidad de Madrid, en el resto de comunidades puede haber\u00a0alg\u00fan\u00a0coste por los gastos de transporte,\u00a0cons\u00faltanos.<br \/>\n<\/div><!-- \/.acc-content --><\/div> <\/div><!-- end \/.acc-group --> <\/div><!-- end \/.acc--style -->\n<div class=\"zn_accordion--shortcode acc--default-style panel-group \"><div class=\"acc-group \"><button data-toggle=\"collapse\" data-target=\"#acc69d3a9dccc9d5\" class=\"acc-tgg-button text-custom collapsed \">Financiaci\u00f3n<span class=\"acc-icon\"><\/span><\/button><div id=\"acc69d3a9dccc9d5\" class=\"acc-panel-collapse collapse \"><div class=\"acc-content\">\nTrabajamos con las principales\u00a0compa\u00f1\u00edas\u00a0de financiaci\u00f3n, podemos ofrecerte condiciones muy ventajosas para que el pago de tu cocina no sea una carga. \u00a0Cons\u00faltanos\u00a0para conocer las ofertas en vigor.<br \/>\n<\/div><!-- \/.acc-content --><\/div> <\/div><!-- end \/.acc-group --> <\/div><!-- end \/.acc--style -->\n<div class=\"zn_accordion--shortcode acc--default-style panel-group \"><div class=\"acc-group \"><button data-toggle=\"collapse\" data-target=\"#acc69d3a9dccc9e5\" class=\"acc-tgg-button text-custom collapsed \">Garant\u00eda<span class=\"acc-icon\"><\/span><\/button><div id=\"acc69d3a9dccc9e5\" class=\"acc-panel-collapse collapse \"><div class=\"acc-content\">\nTodos nuestros art\u00edculos tienen una garant\u00eda completa de 5 a\u00f1os. \u00a0Incluye piezas, mano de obra y desplazamientos. \u00a0Puedes ver las condiciones detalladas\u00a0<a title=\"garant\u00eda\" href=\"https:\/\/cocinasalemanas.com\/test\/5-anos-garantia\/\">aqu\u00ed<\/a><br \/>\n<\/div><!-- \/.acc-content --><\/div> <\/div><!-- end \/.acc-group --> <\/div><!-- end \/.acc--style -->\n<div class=\"zn_accordion--shortcode acc--default-style panel-group \"><div class=\"acc-group \"><button data-toggle=\"collapse\" data-target=\"#acc69d3a9dccc9f5\" class=\"acc-tgg-button text-custom collapsed \">Punto de carga veh\u00edculo el\u00e9ctrico<span class=\"acc-icon\"><\/span><\/button><div id=\"acc69d3a9dccc9f5\" class=\"acc-panel-collapse collapse \"><div class=\"acc-content\">\nDisponemos de punto de carga para los Clientes que visitan nuestra expo en su veh\u00edculo el\u00e9ctrico, por favor av\u00edsanos cuando reserves tu cita para tenerlo disponible. La conexi\u00f3n es tipo 2 (mennekes) no necesitas traer el cable de recarga. Durante el d\u00eda el suministro se apoya con nuestros paneles solares y la potencia de carga m\u00e1xima es trif\u00e1sica de 11 KWH, cuando se va el sol la potencia m\u00e1xima disponible es de 4 KWH.  La carga es totalmente gratuita para nuestros Clientes.<br \/>\n<\/div><!-- \/.acc-content --><\/div> <\/div><!-- end \/.acc-group --> <\/div><!-- end \/.acc--style -->\n<p>&nbsp;<\/p>\n<p>&nbsp;<\/p>\n<p>&nbsp;<\/p>\n","protected":false},"excerpt":{"rendered":"<p>En cocinasalemanas te ofrecemos una alternativa para conseguir tu cocina exclusiva, del mejor fabricante alem\u00e1n a un precio sin competencia. Ademas puedes conseguirla c\u00f3modamente desde tu casa, con nuestro sistema solo tienes que solicitarnos un presupuesto y nosotros nos encargamos de todo. \u00a0Sin que tengas que renunciar a ning\u00fan servicio, \u00a1COMPRUEBALO! , solicita ahora su<\/p>\n","protected":false},"author":1,"featured_media":0,"parent":0,"menu_order":0,"comment_status":"closed","ping_status":"open","template":"","meta":{"pagelayer_contact_templates":[],"_pagelayer_content":"","footnotes":""},"class_list":["post-1993","page","type-page","status-publish","hentry"],"_links":{"self":[{"href":"https:\/\/cocinasalemanas.com\/test\/wp-json\/wp\/v2\/pages\/1993","targetHints":{"allow":["GET"]}}],"collection":[{"href":"https:\/\/cocinasalemanas.com\/test\/wp-json\/wp\/v2\/pages"}],"about":[{"href":"https:\/\/cocinasalemanas.com\/test\/wp-json\/wp\/v2\/types\/page"}],"author":[{"embeddable":true,"href":"https:\/\/cocinasalemanas.com\/test\/wp-json\/wp\/v2\/users\/1"}],"replies":[{"embeddable":true,"href":"https:\/\/cocinasalemanas.com\/test\/wp-json\/wp\/v2\/comments?post=1993"}],"version-history":[{"count":0,"href":"https:\/\/cocinasalemanas.com\/test\/wp-json\/wp\/v2\/pages\/1993\/revisions"}],"wp:attachment":[{"href":"https:\/\/cocinasalemanas.com\/test\/wp-json\/wp\/v2\/media?parent=1993"}],"curies":[{"name":"wp","href":"https:\/\/api.w.org\/{rel}","templated":true}]}}